{"id":3,"date":"2023-07-11T12:45:44","date_gmt":"2023-07-11T10:45:44","guid":{"rendered":"http:\/\/lemerle-avocat.com\/?page_id=3"},"modified":"2024-05-04T17:31:30","modified_gmt":"2024-05-04T15:31:30","slug":"politique-de-confidentialite","status":"publish","type":"page","link":"https:\/\/lemerle-avocat.com\/index.php\/politique-de-confidentialite\/","title":{"rendered":"Politique de confidentialit\u00e9"},"content":{"rendered":"\t\t<div data-elementor-type=\"wp-page\" data-elementor-id=\"3\" class=\"elementor elementor-3\">\n\t\t\t\t<div class=\"elementor-element elementor-element-157936c8 e-flex e-con-boxed e-con e-parent\" data-id=\"157936c8\" data-element_type=\"container\">\n\t\t\t\t\t<div class=\"e-con-inner\">\n\t\t\t\t<div class=\"elementor-element elementor-element-60da984a elementor-widget elementor-widget-text-editor\" data-id=\"60da984a\" data-element_type=\"widget\" data-widget_type=\"text-editor.default\">\n\t\t\t\t<div class=\"elementor-widget-container\">\n\t\t\t\t\t\t\t\t\t<p><\/p>\n<div class=\"heading-wrapper\">\n<div class=\"\">\n<h1 class=\"wp-block-heading\">Politique de confidentialit\u00e9 (RGPD)<\/h1>\n<p>\u00a0<\/p>\n<\/div>\n<\/div>\n<div class=\"content-wrapper\">\n<div class=\"fusion-title title fusion-title-1 fusion-sep-none fusion-title-text fusion-title-size-one\">\n<p>En vigueur au 27\/07\/2023<\/p>\n<p>\u00a0<\/p>\n<p>Les pr\u00e9sentes conditions g\u00e9n\u00e9rales d\u2019utilisation (dites \u00ab\u00a0<strong>CGU<\/strong> \u00bb) ont pour objet l\u2019encadrement juridique des modalit\u00e9s de mise \u00e0 disposition du site et des services par Marion LEMERLE &#8211; Avocat\u00a0 et de d\u00e9finir les conditions d\u2019acc\u00e8s et d\u2019utilisation des services par \u00ab <strong>l\u2019Utilisateur<\/strong>\u00a0\u00bb.<\/p>\n<p>Les pr\u00e9sentes CGU sont accessibles sur le site \u00e0 la rubrique \u00ab<strong>CGU<\/strong>\u00bb.<\/p>\n<p>\u00a0<\/p>\n<h5 class=\"wp-block-heading\">Article 1 : Acc\u00e8s au site<\/h5>\n<p>L\u2019adresse de notre site est\u00a0: http:\/\/lemerle-avocat.com.<\/p>\n<p>Le site www.lemerle-avocat.com\u00a0 permet \u00e0 l\u2019Utilisateur un acc\u00e8s gratuit aux services suivants :<\/p>\n<p>Le site est accessible gratuitement en tout lieu \u00e0 tout Utilisateur ayant un acc\u00e8s \u00e0 Internet. Tous les frais support\u00e9s par l\u2019Utilisateur pour acc\u00e9der au service (mat\u00e9riel informatique, logiciels, connexion Internet, etc.) sont \u00e0 sa charge.<\/p>\n<p>\u00a0<\/p>\n<h5>Article 2 : Collecte des donn\u00e9es<\/h5>\n<ul>\n<li data-fontsize=\"28\" data-lineheight=\"39.2px\">Formulaire de contact:<\/li>\n<\/ul>\n<p data-fontsize=\"28\" data-lineheight=\"39.2px\">Les donn\u00e9es collect\u00e9es par l\u2019interm\u00e9diaire du formulaire de contact, permettent \u00e0 Marion LEMERLE &#8211; Avocat de r\u00e9pondre \u00e0 une demande que vous nous formulez. L\u2019email transmis ainsi que votre nom, lui servent \u00e0 r\u00e9pondre \u00e0 votre message. Ces informations ne seront en aucun cas c\u00e9d\u00e9es \u00e0 un tiers.<\/p>\n<p data-fontsize=\"28\" data-lineheight=\"39.2px\">\u00a0<\/p>\n<ul>\n<li data-fontsize=\"28\" data-lineheight=\"39.2px\">Commentaires<\/li>\n<\/ul>\n<p>Quand vous laissez un commentaire sur notre site, les donn\u00e9es inscrites dans le formulaire de commentaire, ainsi que votre adresse IP et l\u2019agent utilisateur de votre navigateur sont collect\u00e9s pour nous aider \u00e0 la d\u00e9tection des commentaires ind\u00e9sirables.<\/p>\n<p><\/p>\n<p><\/p>\n<p>Une cha\u00eene anonymis\u00e9e cr\u00e9\u00e9e \u00e0 partir de votre adresse e-mail (\u00e9galement appel\u00e9e hash) peut \u00eatre envoy\u00e9e au service Gravatar pour v\u00e9rifier si vous utilisez ce dernier. Les clauses de confidentialit\u00e9 du service Gravatar sont disponibles ici : https:\/\/automattic.com\/privacy\/. Apr\u00e8s validation de votre commentaire, votre photo de profil sera visible publiquement \u00e0 cot\u00e9 de votre commentaire.<\/p>\n<p>\u00a0<\/p>\n<ul>\n<li>\n<p>Contenu embarqu\u00e9 depuis d\u2019autres sites:<\/p>\n<\/li>\n<\/ul>\n<p>Les articles de ce site peuvent inclure des contenus int\u00e9gr\u00e9s (par exemple des vid\u00e9os, images, articles\u2026). Le contenu int\u00e9gr\u00e9 depuis d\u2019autres sites se comporte de la m\u00eame mani\u00e8re que si le visiteur se rendait sur cet autre site.<\/p>\n<p><\/p>\n<p><\/p>\n<p>Ces sites web pourraient collecter des donn\u00e9es sur vous, utiliser des cookies, embarquer des outils de suivis tiers, suivre vos interactions avec ces contenus embarqu\u00e9s si vous disposez d\u2019un compte connect\u00e9 sur leur site web.<\/p>\n<p>\u00a0<\/p>\n<h5 class=\"fusion-responsive-typography-calculated\" data-fontsize=\"28\" data-lineheight=\"39.2px\">Stockage des donn\u00e9es personnelles collect\u00e9es<\/h5>\n<h5 class=\"fusion-responsive-typography-calculated\" data-fontsize=\"20\" data-lineheight=\"30px\">Comment sont stock\u00e9es vos donn\u00e9es<\/h5>\n<p>Les donn\u00e9es collect\u00e9es par l\u2019entremise du formulaire de contact sont stock\u00e9es sur le serveur qui h\u00e9berge le site www.lemerle-avocat.com.<\/p>\n<p>Une copie des messages que vous adressez \u00e0 Marion LEMERLE &#8211; Avocat est conserv\u00e9 sur le site https:\/\/lemerle-avocat.com durant 1 an.<\/p>\n<p>Cette copie lui permet de conserver un historique des messages que vous nous adressez.<\/p>\n<h5 class=\"fusion-responsive-typography-calculated\" data-fontsize=\"20\" data-lineheight=\"30px\">Comment nous prot\u00e9geons vos donn\u00e9es<\/h5>\n<p>Les donn\u00e9es transmises par l\u2019entremise du formulaire de contact sont stock\u00e9s sur le serveur qui h\u00e9berge le site lemerle-avocat.com dont l\u2019acc\u00e8s est s\u00e9curis\u00e9 par code secret et r\u00e9serv\u00e9 au seul personnes habilit\u00e9es.<\/p>\n<h5 class=\"fusion-responsive-typography-calculated\" data-fontsize=\"20\" data-lineheight=\"30px\">Proc\u00e9dures mises en \u0153uvre en cas de fuite de donn\u00e9es<\/h5>\n<p>S\u2019il s\u2019av\u00e9rait que la s\u00e9curit\u00e9 de notre serveur o\u00f9 sont stock\u00e9s vos donn\u00e9es \u00e9tait compromise, une notification par email vous sera transmise le plus rapidement possible.<\/p>\n<h5 class=\"fusion-responsive-typography-calculated\" data-fontsize=\"28\" data-lineheight=\"39.2px\">Les droits que vous avez sur vos donn\u00e9es<\/h5>\n<p>Vous pouvez demander la suppression des donn\u00e9es personnelles transmises par l\u2019entremise du formulaire de contact, en m&rsquo;adressant un email \u00e0 l\u2019adresse : marion.lemerle@lemerle-avocat.com.<\/p>\n<p>\u00a0<\/p>\n<h5>Article 3 : Propri\u00e9t\u00e9 intellectuelle<\/h5>\n<p>Les marques, logos, signes ainsi que tous les contenus du site (textes, images, son\u2026) font l\u2019objet d\u2019une protection par le Code de la propri\u00e9t\u00e9 intellectuelle et plus particuli\u00e8rement par le droit d\u2019auteur.<\/p>\n<p>L\u2019Utilisateur doit solliciter l\u2019autorisation pr\u00e9alable du site pour toute reproduction, publication, copie des diff\u00e9rents contenus. Il s\u2019engage \u00e0 une utilisation des contenus du site dans un cadre strictement priv\u00e9, toute utilisation \u00e0 des fins commerciales et publicitaires est strictement interdite.<\/p>\n<p>Toute repr\u00e9sentation totale ou partielle de ce site par quelque proc\u00e9d\u00e9 que ce soit, sans l\u2019autorisation expresse de l\u2019exploitant du site Internet constituerait une contrefa\u00e7on sanctionn\u00e9e par l\u2019article L 335-2 et suivants du Code de la propri\u00e9t\u00e9 intellectuelle.<\/p>\n<p>Il est rappel\u00e9 conform\u00e9ment \u00e0 l\u2019article L122-5 du Code de propri\u00e9t\u00e9 intellectuelle que l\u2019Utilisateur qui reproduit, copie ou publie le contenu prot\u00e9g\u00e9 doit citer l\u2019auteur et sa source.<\/p>\n<p>\u00a0<\/p>\n<h5>Article 4 : Responsabilit\u00e9<\/h5>\n<p>Les sources des informations diffus\u00e9es sur le site https:\/\/lemerle-avocat.com sont r\u00e9put\u00e9es fiables mais le site ne garantit pas qu\u2019il soit exempt de d\u00e9fauts, d\u2019erreurs ou d\u2019omissions.<\/p>\n<p>Les informations communiqu\u00e9es sont pr\u00e9sent\u00e9es \u00e0 titre indicatif et g\u00e9n\u00e9ral sans valeur contractuelle. Malgr\u00e9 des mises \u00e0 jour r\u00e9guli\u00e8res, le site https:\/\/lemerle-avocat.com ne peut \u00eatre tenu responsable de la modification des dispositions administratives et juridiques survenant apr\u00e8s la publication. De m\u00eame, le site ne peut \u00eatre tenue responsable de l\u2019utilisation et de l\u2019interpr\u00e9tation de l\u2019information contenue dans ce site.<\/p>\n<p>Le site https:\/\/lemerle-avocat.com ne peut \u00eatre tenu pour responsable d\u2019\u00e9ventuels virus qui pourraient infecter l\u2019ordinateur ou tout mat\u00e9riel informatique de l\u2019Internaute, suite \u00e0 une utilisation, \u00e0 l\u2019acc\u00e8s, ou au t\u00e9l\u00e9chargement provenant de ce site.<\/p>\n<p>La responsabilit\u00e9 du site ne peut \u00eatre engag\u00e9e en cas de force majeure ou du fait impr\u00e9visible et insurmontable d\u2019un tiers.<\/p>\n<p>\u00a0<\/p>\n<h5>Article 5 : Liens hypertextes<\/h5>\n<p>Des liens hypertextes peuvent \u00eatre pr\u00e9sents sur le site. L\u2019Utilisateur est inform\u00e9 qu\u2019en cliquant sur ces liens, il sortira du site https:\/\/lemerle-avocat.com. Ce dernier n\u2019a pas de contr\u00f4le sur les pages web sur lesquelles aboutissent ces liens et ne saurait, en aucun cas, \u00eatre responsable de leur contenu.<\/p>\n<p>\u00a0<\/p>\n<h5>Article 6 : Cookies<\/h5>\n<p>L\u2019Utilisateur est inform\u00e9 que lors de ses visites sur le site, un cookie peut s\u2019installer automatiquement sur son logiciel de navigation.<\/p>\n<p>Les cookies sont de petits fichiers stock\u00e9s temporairement sur le disque dur de l\u2019ordinateur de l\u2019Utilisateur par votre navigateur et qui sont n\u00e9cessaires \u00e0 l\u2019utilisation du site https:\/\/lemerle-avocat.com.<\/p>\n<p>Les cookies ne contiennent pas d\u2019information personnelle et ne peuvent pas \u00eatre utilis\u00e9s pour identifier quelqu\u2019un.<\/p>\n<p>Un cookie contient un identifiant unique, g\u00e9n\u00e9r\u00e9 al\u00e9atoirement et donc anonyme. Certains cookies expirent \u00e0 la fin de la visite de l\u2019Utilisateur, d\u2019autres restent.<\/p>\n<p>L\u2019information contenue dans les cookies est utilis\u00e9e pour am\u00e9liorer le site <a href=\"https:\/\/lemerle-avocat.com\">https:\/\/lemerle-avocat.com<\/a>.<\/p>\n<p>En naviguant sur le site, l\u2019Utilisateur les accepte.<\/p>\n<p>L\u2019Utilisateur doit toutefois donner son consentement quant \u00e0 l\u2019utilisation de certains cookies.<\/p>\n<p>A d\u00e9faut d\u2019acceptation, l\u2019Utilisateur est inform\u00e9 que certaines fonctionnalit\u00e9s ou pages risquent de lui \u00eatre refus\u00e9es.<\/p>\n<p>L\u2019Utilisateur pourra d\u00e9sactiver ces cookies par l\u2019interm\u00e9diaire des param\u00e8tres figurant au sein de son logiciel de navigation.<\/p>\n<p>L\u2019email transmis ainsi que votre nom, nous servent \u00e0 r\u00e9pondre \u00e0 votre message. Ces informations ne seront en aucun cas c\u00e9d\u00e9es \u00e0 un tiers.<\/p>\n<p>\u00a0<\/p>\n<h5>Article 7 : Droit applicable et juridiction comp\u00e9tente<\/h5>\n<p>La l\u00e9gislation fran\u00e7aise s\u2019applique au pr\u00e9sent contrat. En cas d\u2019absence de r\u00e9solution amiable d\u2019un litige n\u00e9 entre les parties, les tribunaux fran\u00e7ais seront seuls comp\u00e9tents pour en conna\u00eetre.<\/p>\n<p>\u00a0<\/p>\n<p>Pour toute question relative \u00e0 l\u2019application des pr\u00e9sentes CGU, vous pouvez joindre l\u2019\u00e9diteur aux coordonn\u00e9es inscrites dans les Mentions L\u00e9gales.\u00a0<\/p>\n<\/div>\n<\/div>\n<p><\/p>\t\t\t\t\t\t\t\t<\/div>\n\t\t\t\t<\/div>\n\t\t\t\t\t<\/div>\n\t\t\t\t<\/div>\n\t\t\t\t<\/div>\n\t\t","protected":false},"excerpt":{"rendered":"<p>Politique de confidentialit\u00e9 (RGPD) \u00a0 En vigueur au 27\/07\/2023 \u00a0 Les pr\u00e9sentes conditions g\u00e9n\u00e9rales d\u2019utilisation (dites \u00ab\u00a0CGU \u00bb) ont pour objet l\u2019encadrement juridique des modalit\u00e9s de mise \u00e0 disposition du site et des services par Marion LEMERLE &#8211; Avocat\u00a0 et de d\u00e9finir les conditions d\u2019acc\u00e8s et d\u2019utilisation des services par \u00ab l\u2019Utilisateur\u00a0\u00bb. Les pr\u00e9sentes CGU [&hellip;]<\/p>\n","protected":false},"author":1,"featured_media":0,"parent":0,"menu_order":0,"comment_status":"closed","ping_status":"open","template":"","meta":{"_acf_changed":false,"site-sidebar-layout":"default","site-content-layout":"","ast-site-content-layout":"","site-content-style":"default","site-sidebar-style":"default","ast-global-header-display":"","ast-banner-title-visibility":"","ast-main-header-display":"","ast-hfb-above-header-display":"","ast-hfb-below-header-display":"","ast-hfb-mobile-header-display":"","site-post-title":"","ast-breadcrumbs-content":"","ast-featured-img":"","footer-sml-layout":"","theme-transparent-header-meta":"","adv-header-id-meta":"","stick-header-meta":"","header-above-stick-meta":"","header-main-stick-meta":"","header-below-stick-meta":"","astra-migrate-meta-layouts":"default","ast-page-background-enabled":"default","ast-page-background-meta":{"desktop":{"background-color":"","background-image":"","background-repeat":"repeat","background-position":"center center","background-size":"auto","background-attachment":"scroll","background-type":"","background-media":"","overlay-type":"","overlay-color":"","overlay-opacity":"","overlay-gradient":""},"tablet":{"background-color":"","background-image":"","background-repeat":"repeat","background-position":"center center","background-size":"auto","background-attachment":"scroll","background-type":"","background-media":"","overlay-type":"","overlay-color":"","overlay-opacity":"","overlay-gradient":""},"mobile":{"background-color":"","background-image":"","background-repeat":"repeat","background-position":"center center","background-size":"auto","background-attachment":"scroll","background-type":"","background-media":"","overlay-type":"","overlay-color":"","overlay-opacity":"","overlay-gradient":""}},"ast-content-background-meta":{"desktop":{"background-color":"var(--ast-global-color-5)","background-image":"","background-repeat":"repeat","background-position":"center center","background-size":"auto","background-attachment":"scroll","background-type":"","background-media":"","overlay-type":"","overlay-color":"","overlay-opacity":"","overlay-gradient":""},"tablet":{"background-color":"var(--ast-global-color-5)","background-image":"","background-repeat":"repeat","background-position":"center center","background-size":"auto","background-attachment":"scroll","background-type":"","background-media":"","overlay-type":"","overlay-color":"","overlay-opacity":"","overlay-gradient":""},"mobile":{"background-color":"var(--ast-global-color-5)","background-image":"","background-repeat":"repeat","background-position":"center center","background-size":"auto","background-attachment":"scroll","background-type":"","background-media":"","overlay-type":"","overlay-color":"","overlay-opacity":"","overlay-gradient":""}},"footnotes":""},"class_list":["post-3","page","type-page","status-publish","hentry"],"acf":[],"yoast_head":"<!-- This site is optimized with the Yoast SEO plugin v24.7 - https:\/\/yoast.com\/wordpress\/plugins\/seo\/ -->\n<title>Politique de confidentialit\u00e9 - Marion Lemerle - Avocat<\/title>\n<meta name=\"robots\" content=\"index, follow, max-snippet:-1, max-image-preview:large, max-video-preview:-1\" \/>\n<link rel=\"canonical\" href=\"https:\/\/lemerle-avocat.com\/index.php\/politique-de-confidentialite\/\" \/>\n<meta property=\"og:locale\" content=\"fr_FR\" \/>\n<meta property=\"og:type\" content=\"article\" \/>\n<meta property=\"og:title\" content=\"Politique de confidentialit\u00e9 - Marion Lemerle - Avocat\" \/>\n<meta property=\"og:description\" content=\"Politique de confidentialit\u00e9 (RGPD) \u00a0 En vigueur au 27\/07\/2023 \u00a0 Les pr\u00e9sentes conditions g\u00e9n\u00e9rales d\u2019utilisation (dites \u00ab\u00a0CGU \u00bb) ont pour objet l\u2019encadrement juridique des modalit\u00e9s de mise \u00e0 disposition du site et des services par Marion LEMERLE &#8211; Avocat\u00a0 et de d\u00e9finir les conditions d\u2019acc\u00e8s et d\u2019utilisation des services par \u00ab l\u2019Utilisateur\u00a0\u00bb. Les pr\u00e9sentes CGU [&hellip;]\" \/>\n<meta property=\"og:url\" content=\"https:\/\/lemerle-avocat.com\/index.php\/politique-de-confidentialite\/\" \/>\n<meta property=\"og:site_name\" content=\"Marion Lemerle - Avocat\" \/>\n<meta property=\"article:publisher\" content=\"https:\/\/www.facebook.com\/profile.php?id=61552854742976&amp;locale=fr_FR\" \/>\n<meta property=\"article:modified_time\" content=\"2024-05-04T15:31:30+00:00\" \/>\n<meta name=\"twitter:card\" content=\"summary_large_image\" \/>\n<meta name=\"twitter:label1\" content=\"Dur\u00e9e de lecture estim\u00e9e\" \/>\n\t<meta name=\"twitter:data1\" content=\"6 minutes\" \/>\n<script type=\"application\/ld+json\" class=\"yoast-schema-graph\">{\"@context\":\"https:\/\/schema.org\",\"@graph\":[{\"@type\":\"WebPage\",\"@id\":\"https:\/\/lemerle-avocat.com\/index.php\/politique-de-confidentialite\/\",\"url\":\"https:\/\/lemerle-avocat.com\/index.php\/politique-de-confidentialite\/\",\"name\":\"Politique de confidentialit\u00e9 - Marion Lemerle - Avocat\",\"isPartOf\":{\"@id\":\"http:\/\/lemerle-avocat.com\/#website\"},\"datePublished\":\"2023-07-11T10:45:44+00:00\",\"dateModified\":\"2024-05-04T15:31:30+00:00\",\"breadcrumb\":{\"@id\":\"https:\/\/lemerle-avocat.com\/index.php\/politique-de-confidentialite\/#breadcrumb\"},\"inLanguage\":\"fr-FR\",\"potentialAction\":[{\"@type\":\"ReadAction\",\"target\":[\"https:\/\/lemerle-avocat.com\/index.php\/politique-de-confidentialite\/\"]}]},{\"@type\":\"BreadcrumbList\",\"@id\":\"https:\/\/lemerle-avocat.com\/index.php\/politique-de-confidentialite\/#breadcrumb\",\"itemListElement\":[{\"@type\":\"ListItem\",\"position\":1,\"name\":\"Accueil\",\"item\":\"http:\/\/lemerle-avocat.com\/\"},{\"@type\":\"ListItem\",\"position\":2,\"name\":\"Politique de confidentialit\u00e9\"}]},{\"@type\":\"WebSite\",\"@id\":\"http:\/\/lemerle-avocat.com\/#website\",\"url\":\"http:\/\/lemerle-avocat.com\/\",\"name\":\"ML Avocat\",\"description\":\"Marion Lemerle - Avocat\",\"publisher\":{\"@id\":\"http:\/\/lemerle-avocat.com\/#organization\"},\"potentialAction\":[{\"@type\":\"SearchAction\",\"target\":{\"@type\":\"EntryPoint\",\"urlTemplate\":\"http:\/\/lemerle-avocat.com\/?s={search_term_string}\"},\"query-input\":{\"@type\":\"PropertyValueSpecification\",\"valueRequired\":true,\"valueName\":\"search_term_string\"}}],\"inLanguage\":\"fr-FR\"},{\"@type\":\"Organization\",\"@id\":\"http:\/\/lemerle-avocat.com\/#organization\",\"name\":\"Marion Lemerle Avocat\",\"url\":\"http:\/\/lemerle-avocat.com\/\",\"logo\":{\"@type\":\"ImageObject\",\"inLanguage\":\"fr-FR\",\"@id\":\"http:\/\/lemerle-avocat.com\/#\/schema\/logo\/image\/\",\"url\":\"https:\/\/lemerle-avocat.com\/wp-content\/uploads\/2023\/12\/Logo-2-sans-encadre.png\",\"contentUrl\":\"https:\/\/lemerle-avocat.com\/wp-content\/uploads\/2023\/12\/Logo-2-sans-encadre.png\",\"width\":500,\"height\":500,\"caption\":\"Marion Lemerle Avocat\"},\"image\":{\"@id\":\"http:\/\/lemerle-avocat.com\/#\/schema\/logo\/image\/\"},\"sameAs\":[\"https:\/\/www.facebook.com\/profile.php?id=61552854742976&locale=fr_FR\",\"https:\/\/www.linkedin.com\/in\/marion-lemerle-6748466a?lipi=urnlipaged_flagship3_profile_view_base_contact_detailsunpxQeB4TxGDTzYDPRKmTQ\"]}]}<\/script>\n<!-- \/ Yoast SEO plugin. -->","yoast_head_json":{"title":"Politique de confidentialit\u00e9 - Marion Lemerle - Avocat","robots":{"index":"index","follow":"follow","max-snippet":"max-snippet:-1","max-image-preview":"max-image-preview:large","max-video-preview":"max-video-preview:-1"},"canonical":"https:\/\/lemerle-avocat.com\/index.php\/politique-de-confidentialite\/","og_locale":"fr_FR","og_type":"article","og_title":"Politique de confidentialit\u00e9 - Marion Lemerle - Avocat","og_description":"Politique de confidentialit\u00e9 (RGPD) \u00a0 En vigueur au 27\/07\/2023 \u00a0 Les pr\u00e9sentes conditions g\u00e9n\u00e9rales d\u2019utilisation (dites \u00ab\u00a0CGU \u00bb) ont pour objet l\u2019encadrement juridique des modalit\u00e9s de mise \u00e0 disposition du site et des services par Marion LEMERLE &#8211; Avocat\u00a0 et de d\u00e9finir les conditions d\u2019acc\u00e8s et d\u2019utilisation des services par \u00ab l\u2019Utilisateur\u00a0\u00bb. Les pr\u00e9sentes CGU [&hellip;]","og_url":"https:\/\/lemerle-avocat.com\/index.php\/politique-de-confidentialite\/","og_site_name":"Marion Lemerle - Avocat","article_publisher":"https:\/\/www.facebook.com\/profile.php?id=61552854742976&locale=fr_FR","article_modified_time":"2024-05-04T15:31:30+00:00","twitter_card":"summary_large_image","twitter_misc":{"Dur\u00e9e de lecture estim\u00e9e":"6 minutes"},"schema":{"@context":"https:\/\/schema.org","@graph":[{"@type":"WebPage","@id":"https:\/\/lemerle-avocat.com\/index.php\/politique-de-confidentialite\/","url":"https:\/\/lemerle-avocat.com\/index.php\/politique-de-confidentialite\/","name":"Politique de confidentialit\u00e9 - Marion Lemerle - Avocat","isPartOf":{"@id":"http:\/\/lemerle-avocat.com\/#website"},"datePublished":"2023-07-11T10:45:44+00:00","dateModified":"2024-05-04T15:31:30+00:00","breadcrumb":{"@id":"https:\/\/lemerle-avocat.com\/index.php\/politique-de-confidentialite\/#breadcrumb"},"inLanguage":"fr-FR","potentialAction":[{"@type":"ReadAction","target":["https:\/\/lemerle-avocat.com\/index.php\/politique-de-confidentialite\/"]}]},{"@type":"BreadcrumbList","@id":"https:\/\/lemerle-avocat.com\/index.php\/politique-de-confidentialite\/#breadcrumb","itemListElement":[{"@type":"ListItem","position":1,"name":"Accueil","item":"http:\/\/lemerle-avocat.com\/"},{"@type":"ListItem","position":2,"name":"Politique de confidentialit\u00e9"}]},{"@type":"WebSite","@id":"http:\/\/lemerle-avocat.com\/#website","url":"http:\/\/lemerle-avocat.com\/","name":"ML Avocat","description":"Marion Lemerle - Avocat","publisher":{"@id":"http:\/\/lemerle-avocat.com\/#organization"},"potentialAction":[{"@type":"SearchAction","target":{"@type":"EntryPoint","urlTemplate":"http:\/\/lemerle-avocat.com\/?s={search_term_string}"},"query-input":{"@type":"PropertyValueSpecification","valueRequired":true,"valueName":"search_term_string"}}],"inLanguage":"fr-FR"},{"@type":"Organization","@id":"http:\/\/lemerle-avocat.com\/#organization","name":"Marion Lemerle Avocat","url":"http:\/\/lemerle-avocat.com\/","logo":{"@type":"ImageObject","inLanguage":"fr-FR","@id":"http:\/\/lemerle-avocat.com\/#\/schema\/logo\/image\/","url":"https:\/\/lemerle-avocat.com\/wp-content\/uploads\/2023\/12\/Logo-2-sans-encadre.png","contentUrl":"https:\/\/lemerle-avocat.com\/wp-content\/uploads\/2023\/12\/Logo-2-sans-encadre.png","width":500,"height":500,"caption":"Marion Lemerle Avocat"},"image":{"@id":"http:\/\/lemerle-avocat.com\/#\/schema\/logo\/image\/"},"sameAs":["https:\/\/www.facebook.com\/profile.php?id=61552854742976&locale=fr_FR","https:\/\/www.linkedin.com\/in\/marion-lemerle-6748466a?lipi=urnlipaged_flagship3_profile_view_base_contact_detailsunpxQeB4TxGDTzYDPRKmTQ"]}]}},"_links":{"self":[{"href":"https:\/\/lemerle-avocat.com\/index.php\/wp-json\/wp\/v2\/pages\/3","targetHints":{"allow":["GET"]}}],"collection":[{"href":"https:\/\/lemerle-avocat.com\/index.php\/wp-json\/wp\/v2\/pages"}],"about":[{"href":"https:\/\/lemerle-avocat.com\/index.php\/wp-json\/wp\/v2\/types\/page"}],"author":[{"embeddable":true,"href":"https:\/\/lemerle-avocat.com\/index.php\/wp-json\/wp\/v2\/users\/1"}],"replies":[{"embeddable":true,"href":"https:\/\/lemerle-avocat.com\/index.php\/wp-json\/wp\/v2\/comments?post=3"}],"version-history":[{"count":4,"href":"https:\/\/lemerle-avocat.com\/index.php\/wp-json\/wp\/v2\/pages\/3\/revisions"}],"predecessor-version":[{"id":1250,"href":"https:\/\/lemerle-avocat.com\/index.php\/wp-json\/wp\/v2\/pages\/3\/revisions\/1250"}],"wp:attachment":[{"href":"https:\/\/lemerle-avocat.com\/index.php\/wp-json\/wp\/v2\/media?parent=3"}],"curies":[{"name":"wp","href":"https:\/\/api.w.org\/{rel}","templated":true}]}}