{"id":1252,"date":"2024-05-04T17:34:23","date_gmt":"2024-05-04T15:34:23","guid":{"rendered":"https:\/\/lemerle-avocat.com\/?page_id=1252"},"modified":"2024-05-05T18:10:03","modified_gmt":"2024-05-05T16:10:03","slug":"mentions-legales","status":"publish","type":"page","link":"https:\/\/lemerle-avocat.com\/index.php\/mentions-legales\/","title":{"rendered":"Mentions l\u00e9gales"},"content":{"rendered":"\t\t<div data-elementor-type=\"wp-page\" data-elementor-id=\"1252\" class=\"elementor elementor-1252\">\n\t\t\t\t\t\t<section class=\"elementor-section elementor-top-section elementor-element elementor-element-ed6d569 elementor-section-boxed elementor-section-height-default elementor-section-height-default\" data-id=\"ed6d569\" data-element_type=\"section\" data-settings=\"{&quot;background_background&quot;:&quot;classic&quot;}\">\n\t\t\t\t\t\t\t<div class=\"elementor-background-overlay\"><\/div>\n\t\t\t\t\t\t\t<div class=\"elementor-container elementor-column-gap-no\">\n\t\t\t\t\t<div class=\"elementor-column elementor-col-100 elementor-top-column elementor-element elementor-element-43551ba\" data-id=\"43551ba\" data-element_type=\"column\">\n\t\t\t<div class=\"elementor-widget-wrap elementor-element-populated\">\n\t\t\t\t\t\t<div class=\"elementor-element elementor-element-f49eddb elementor-widget__width-initial elementor-widget elementor-widget-heading\" data-id=\"f49eddb\" data-element_type=\"widget\" data-widget_type=\"heading.default\">\n\t\t\t\t<div class=\"elementor-widget-container\">\n\t\t\t\t\t<h1 class=\"elementor-heading-title elementor-size-default\">mentions l\u00e9gales.<\/h1>\t\t\t\t<\/div>\n\t\t\t\t<\/div>\n\t\t\t\t<div class=\"elementor-element elementor-element-67eabc97 elementor-widget-divider--view-line elementor-widget elementor-widget-divider\" data-id=\"67eabc97\" data-element_type=\"widget\" data-widget_type=\"divider.default\">\n\t\t\t\t<div class=\"elementor-widget-container\">\n\t\t\t\t\t\t\t<div class=\"elementor-divider\">\n\t\t\t<span class=\"elementor-divider-separator\">\n\t\t\t\t\t\t<\/span>\n\t\t<\/div>\n\t\t\t\t\t\t<\/div>\n\t\t\t\t<\/div>\n\t\t\t\t\t<\/div>\n\t\t<\/div>\n\t\t\t\t\t<\/div>\n\t\t<\/section>\n\t\t<div class=\"elementor-element elementor-element-66e7974 e-flex e-con-boxed e-con e-parent\" data-id=\"66e7974\" data-element_type=\"container\">\n\t\t\t\t\t<div class=\"e-con-inner\">\n\t\t\t\t<div class=\"elementor-element elementor-element-1cc3226 elementor-widget elementor-widget-text-editor\" data-id=\"1cc3226\" data-element_type=\"widget\" data-widget_type=\"text-editor.default\">\n\t\t\t\t<div class=\"elementor-widget-container\">\n\t\t\t\t\t\t\t\t\t<article class=\"article-normal\"><header class=\"article__head\"><h2 class=\"article__title\">Editeur du site<\/h2><\/header><div class=\"article__entry\"><p>Marion LEMERLE, Avocat au Barreau de Lille le \u00ab\u202fCabinet\u202f\u00bb.\u202f\u00a0<\/p><p>Adresse de l\u2019\u00e9tablissement principal\u202f: Immeuble le Pearl &#8211; 1001, Avenue de la R\u00e9publique 59700 MARCQ-EN-BAROEUL\u00a0<\/p><p>R.C.S. LILLE 798 394 3 698<\/p><p>N\u00b0 TVA intercommunautaire\u202f: FR63798394698<\/p><p><strong>Contact\u202f:\u00a0<\/strong><\/p><ul class=\"list-arrows\"><li><p>Par t\u00e9l\u00e9phone : 03 76 19 25 57<\/p><\/li><li><p>Par e-mail\u202f\u00e0 l\u2019adresse suivante marion.lemerle@lemerle-avocat.com.<\/p><\/li><\/ul><p><strong>Directeur de la publication\u202f:<\/strong> Marion LEMERLE<\/p><p>Marion LEMERLE, en tant qu&rsquo;avocat fran\u00e7ais, est soumis aux r\u00e8gles professionnelles relatives \u00e0 la profession d\u2019avocat issues du R\u00e8glement Int\u00e9rieur National (RIN), consultable \u00e0 l\u2019adresse suivante : <a href=\"https:\/\/www.cnb.avocat.fr\/sites\/default\/files\/rin_2021-01-18_consolidefinal.pdf\" target=\"_blank\" rel=\"noreferrer noopener\">https:\/\/www.cnb.avocat.fr\/sites\/default\/files\/rin_2021-01-18_consolidefinal.pdf<\/a>.\u00a0<\/p><\/div><\/article><article class=\"article-normal\"><header class=\"article__head\"><h2 class=\"article__title\">H\u00e9bergeur<\/h2><\/header><div class=\"article__entry\"><div class=\"otds-text\"><h2 class=\"odss-text__heading mb-3\"><span style=\"font-size: 16px;\">OVH &#8211; SAS au capital de 10.174.560 euros,<\/span><\/h2><\/div><div class=\"otds-text\"><p>RCS Lille M\u00e9tropole 424 761 419 00045<br \/>Code APE 2620Z<br \/>N\u00b0 TVA : FR 22 424 761 419<br \/>Si\u00e8ge social : 2 rue Kellermann &#8211; 59100 Roubaix &#8211; France<\/p><p><span style=\"font-size: 16px;\">\u00a0<\/span><\/p><\/div><\/div><\/article><article class=\"article-normal\"><header class=\"article__head\"><h2 class=\"article__title\">Propri\u00e9t\u00e9 intellectuelle<\/h2><\/header><div class=\"article__entry\"><p>Le Site, sa structure g\u00e9n\u00e9rale et l\u2019ensemble de ses contenus sont prot\u00e9g\u00e9s par des droits de propri\u00e9t\u00e9 intellectuelle (notamment droit d\u2019auteur, droit des marques, droit des producteurs de bases de donn\u00e9es, noms de domaine et tout autre droit de propri\u00e9t\u00e9 intellectuelle existant ou futur, fran\u00e7ais et internationaux) et appartiennent au Cabinet ou \u00e0 des tiers ayant autoris\u00e9 le Cabinet \u00e0 les exploiter.\u00a0<\/p><p>Le Cabinet ne c\u00e8de ni ne conc\u00e8de aucun droit sur le Site et ses contenus aux visiteurs du Site, \u00e0 l\u2019exception d\u2019un droit personnel d\u2019acc\u00e8s, gratuit et non exclusif, limit\u00e9 exclusivement \u00e0 la consultation du Site et de ses contenus.\u00a0<\/p><p>Sauf autorisation expresse, la reproduction ainsi que toute utilisation du contenu du pr\u00e9sent Site \u00e0 d\u2019autres fins que la consultation individuelle et priv\u00e9e sont interdites.\u00a0<\/p><p>Par cons\u00e9quent, toute repr\u00e9sentation totale ou partielle de ce site et de son contenu, par quelques proc\u00e9d\u00e9s que ce soient, sans autorisation pr\u00e9alable du Directeur de la publication, est interdite et constituerait une contrefa\u00e7on sanctionn\u00e9e par les articles L335-2 et suivants du Code de la Propri\u00e9t\u00e9 Intellectuelle.\u00a0<\/p><\/div><\/article><article class=\"article-normal\"><header class=\"article__head\"><h2 class=\"article__title\">Donn\u00e9es personnelles et cookies<\/h2><\/header><div class=\"article__entry\"><p>Marion LEMERLE est soucieuce de la protection des Donn\u00e9es personnelles des visiteurs du Site et s\u2019engage \u00e0 les prot\u00e9ger en conformit\u00e9 avec la r\u00e9glementation applicable et notamment le <strong>R\u00e8glement (UE) n\u00b02016\/679 du 27 avril 2016<\/strong>\u00a0dit\u00a0<strong>\u00ab R\u00e8glement G\u00e9n\u00e9ral sur la Protection des Donn\u00e9es \u00bb ou \u00ab RGPD \u00bb et la loi n\u00b0 78-17 du 6 janvier 1978<\/strong>\u00a0dite \u00ab Loi Informatique et Libert\u00e9s \u00bb modifi\u00e9e.\u00a0\u00a0<\/p><p>Le Cabinet utilise des cookies sur le Site, pour am\u00e9liorer l\u2019exp\u00e9rience du visiteur sur le Site, fournir une s\u00e9curit\u00e9 suppl\u00e9mentaire et se souvenir du visiteur lorsqu\u2019il revient sur le Site.\u00a0\u00a0<\/p><p>Retrouvez l\u2019int\u00e9gralit\u00e9 de la\u00a0<a href=\"https:\/\/www.cvs-avocats.com\/fr\/politique-confidentialite\">Politique de confidentialit\u00e9 et de gestion des cookies ici<\/a>.<\/p><\/div><\/article><article class=\"article-normal\"><header class=\"article__head\"><h2 class=\"article__title\">Limitation de responsabilit\u00e9<\/h2><\/header><div class=\"article__entry\"><p>Le visiteur est inform\u00e9 que le contenu du Site n\u2019a qu\u2019une vocation informationnelle et ne saurait en aucun cas constituer une consultation ou un conseil juridique, et de ce fait engager la responsabilit\u00e9 du Cabinet.\u00a0<\/p><p>Le Cabinet fait ses meilleurs efforts pour maintenir et am\u00e9liorer la qualit\u00e9 de ce Site et la fiabilit\u00e9 des informations qu\u2019il contient. Cependant, le Cabinet ne saurait voir sa responsabilit\u00e9 engag\u00e9e du fait d\u2019omissions, ou de d\u00e9lais de mises \u00e0 jour des informations et de leurs \u00e9ventuelles cons\u00e9quences. Il appartient donc \u00e0 tout visiteur de v\u00e9rifier l\u2019exactitude des informations avant leur utilisation \u00e9ventuelle.\u00a0<\/p><p>Le Cabinet ne pourra \u00eatre tenue pour responsable de tout dommage direct ou indirect li\u00e9 \u00e0 la navigation du visiteur sur le Site.\u00a0<\/p><\/div><\/article><article class=\"article-normal\"><header class=\"article__head\"><h2 class=\"article__title\">Liens hypertextes<\/h2><\/header><div class=\"article__entry\"><p>Les liens externes utilis\u00e9s sur le Site ont tous fait l\u2019objet d\u2019une demande \u00e9crite d\u2019exploitation. Il est donc interdit de les employer sans autorisation expresse de leurs \u00e9diteurs respectifs.\u00a0<\/p><p>La cr\u00e9ation de liens hypertextes vers le Site est soumise \u00e0 l\u2019accord pr\u00e9alable du Directeur de la publication.\u00a0\u00a0<\/p><p>Le Cabinet n\u2019est pas responsable du contenu de sites web tiers accessibles depuis le Site au moyen de liens hypertextes ni de ceux qui contiennent des liens pointant vers le Site.\u00a0<\/p><\/div><\/article><article class=\"article-normal\"><header class=\"article__head\"><h2 class=\"article__title\">Cr\u00e9dits Photos<\/h2><\/header><div class=\"article__entry\"><p>Les portraits ont \u00e9t\u00e9 r\u00e9alis\u00e9s par H\u00e9l\u00e8ne Douay &#8211; 131 rue du Mar\u00e9chal Juin, 59320 Haubourdin \u00b7 contact@<em>helene<\/em>&#8211;<em>douay<\/em>.fr \u00b7 +33 6 98 51 19 86\u00a0<\/p><header class=\"article__head\"><h2 class=\"article__title\">Cr\u00e9dits Ic\u00f4nes<\/h2><\/header><div class=\"article__entry\"><p>L&rsquo;ic\u00f4ne \u00ab\u00a0Victoire\u00a0\u00bb\u00a0 a \u00e9t\u00e9 cr\u00e9\u00e9e par VectorPortal &#8211; Flaticon.<\/p><p>L&rsquo;ic\u00f4ne \u00ab\u00a0Pack\u00a0\u00bb\u00a0 a \u00e9t\u00e9 cr\u00e9\u00e9e par Victoruler &#8211; Flaticon.<\/p><p>\u00a0<\/p><\/div><\/div><\/article>\t\t\t\t\t\t\t\t<\/div>\n\t\t\t\t<\/div>\n\t\t\t\t\t<\/div>\n\t\t\t\t<\/div>\n\t\t<div class=\"elementor-element elementor-element-33e6291 e-flex e-con-boxed e-con e-parent\" data-id=\"33e6291\" data-element_type=\"container\">\n\t\t\t\t\t<div class=\"e-con-inner\">\n\t\t\t\t\t<\/div>\n\t\t\t\t<\/div>\n\t\t\t\t<\/div>\n\t\t","protected":false},"excerpt":{"rendered":"<p>mentions l\u00e9gales. Editeur du site Marion LEMERLE, Avocat au Barreau de Lille le \u00ab\u202fCabinet\u202f\u00bb.\u202f\u00a0 Adresse de l\u2019\u00e9tablissement principal\u202f: Immeuble le Pearl &#8211; 1001, Avenue de la R\u00e9publique 59700 MARCQ-EN-BAROEUL\u00a0 R.C.S. LILLE 798 394 3 698 N\u00b0 TVA intercommunautaire\u202f: FR63798394698 Contact\u202f:\u00a0 Par t\u00e9l\u00e9phone : 03 76 19 25 57 Par e-mail\u202f\u00e0 l\u2019adresse suivante marion.lemerle@lemerle-avocat.com. Directeur de [&hellip;]<\/p>\n","protected":false},"author":1,"featured_media":0,"parent":0,"menu_order":0,"comment_status":"closed","ping_status":"closed","template":"","meta":{"_acf_changed":false,"site-sidebar-layout":"no-sidebar","site-content-layout":"page-builder","ast-site-content-layout":"full-width-container","site-content-style":"default","site-sidebar-style":"default","ast-global-header-display":"","ast-banner-title-visibility":"","ast-main-header-display":"","ast-hfb-above-header-display":"","ast-hfb-below-header-display":"","ast-hfb-mobile-header-display":"","site-post-title":"disabled","ast-breadcrumbs-content":"","ast-featured-img":"disabled","footer-sml-layout":"","theme-transparent-header-meta":"","adv-header-id-meta":"","stick-header-meta":"","header-above-stick-meta":"","header-main-stick-meta":"","header-below-stick-meta":"","astra-migrate-meta-layouts":"default","ast-page-background-enabled":"default","ast-page-background-meta":{"desktop":{"background-color":"","background-image":"","background-repeat":"repeat","background-position":"center center","background-size":"auto","background-attachment":"scroll","background-type":"","background-media":"","overlay-type":"","overlay-color":"","overlay-opacity":"","overlay-gradient":""},"tablet":{"background-color":"","background-image":"","background-repeat":"repeat","background-position":"center center","background-size":"auto","background-attachment":"scroll","background-type":"","background-media":"","overlay-type":"","overlay-color":"","overlay-opacity":"","overlay-gradient":""},"mobile":{"background-color":"","background-image":"","background-repeat":"repeat","background-position":"center center","background-size":"auto","background-attachment":"scroll","background-type":"","background-media":"","overlay-type":"","overlay-color":"","overlay-opacity":"","overlay-gradient":""}},"ast-content-background-meta":{"desktop":{"background-color":"var(--ast-global-color-5)","background-image":"","background-repeat":"repeat","background-position":"center center","background-size":"auto","background-attachment":"scroll","background-type":"","background-media":"","overlay-type":"","overlay-color":"","overlay-opacity":"","overlay-gradient":""},"tablet":{"background-color":"var(--ast-global-color-5)","background-image":"","background-repeat":"repeat","background-position":"center center","background-size":"auto","background-attachment":"scroll","background-type":"","background-media":"","overlay-type":"","overlay-color":"","overlay-opacity":"","overlay-gradient":""},"mobile":{"background-color":"var(--ast-global-color-5)","background-image":"","background-repeat":"repeat","background-position":"center center","background-size":"auto","background-attachment":"scroll","background-type":"","background-media":"","overlay-type":"","overlay-color":"","overlay-opacity":"","overlay-gradient":""}},"footnotes":""},"class_list":["post-1252","page","type-page","status-publish","hentry"],"acf":[],"yoast_head":"<!-- This site is optimized with the Yoast SEO plugin v24.7 - https:\/\/yoast.com\/wordpress\/plugins\/seo\/ -->\n<title>Mentions l\u00e9gales - Marion Lemerle - Avocat<\/title>\n<meta name=\"robots\" content=\"index, follow, max-snippet:-1, max-image-preview:large, max-video-preview:-1\" \/>\n<link rel=\"canonical\" href=\"https:\/\/lemerle-avocat.com\/index.php\/mentions-legales\/\" \/>\n<meta property=\"og:locale\" content=\"fr_FR\" \/>\n<meta property=\"og:type\" content=\"article\" \/>\n<meta property=\"og:title\" content=\"Mentions l\u00e9gales - Marion Lemerle - Avocat\" \/>\n<meta property=\"og:description\" content=\"mentions l\u00e9gales. Editeur du site Marion LEMERLE, Avocat au Barreau de Lille le \u00ab\u202fCabinet\u202f\u00bb.\u202f\u00a0 Adresse de l\u2019\u00e9tablissement principal\u202f: Immeuble le Pearl &#8211; 1001, Avenue de la R\u00e9publique 59700 MARCQ-EN-BAROEUL\u00a0 R.C.S. LILLE 798 394 3 698 N\u00b0 TVA intercommunautaire\u202f: FR63798394698 Contact\u202f:\u00a0 Par t\u00e9l\u00e9phone : 03 76 19 25 57 Par e-mail\u202f\u00e0 l\u2019adresse suivante marion.lemerle@lemerle-avocat.com. Directeur de [&hellip;]\" \/>\n<meta property=\"og:url\" content=\"https:\/\/lemerle-avocat.com\/index.php\/mentions-legales\/\" \/>\n<meta property=\"og:site_name\" content=\"Marion Lemerle - Avocat\" \/>\n<meta property=\"article:publisher\" content=\"https:\/\/www.facebook.com\/profile.php?id=61552854742976&amp;locale=fr_FR\" \/>\n<meta property=\"article:modified_time\" content=\"2024-05-05T16:10:03+00:00\" \/>\n<meta name=\"twitter:card\" content=\"summary_large_image\" \/>\n<meta name=\"twitter:label1\" content=\"Dur\u00e9e de lecture estim\u00e9e\" \/>\n\t<meta name=\"twitter:data1\" content=\"4 minutes\" \/>\n<script type=\"application\/ld+json\" class=\"yoast-schema-graph\">{\"@context\":\"https:\/\/schema.org\",\"@graph\":[{\"@type\":\"WebPage\",\"@id\":\"https:\/\/lemerle-avocat.com\/index.php\/mentions-legales\/\",\"url\":\"https:\/\/lemerle-avocat.com\/index.php\/mentions-legales\/\",\"name\":\"Mentions l\u00e9gales - Marion Lemerle - Avocat\",\"isPartOf\":{\"@id\":\"http:\/\/lemerle-avocat.com\/#website\"},\"datePublished\":\"2024-05-04T15:34:23+00:00\",\"dateModified\":\"2024-05-05T16:10:03+00:00\",\"breadcrumb\":{\"@id\":\"https:\/\/lemerle-avocat.com\/index.php\/mentions-legales\/#breadcrumb\"},\"inLanguage\":\"fr-FR\",\"potentialAction\":[{\"@type\":\"ReadAction\",\"target\":[\"https:\/\/lemerle-avocat.com\/index.php\/mentions-legales\/\"]}]},{\"@type\":\"BreadcrumbList\",\"@id\":\"https:\/\/lemerle-avocat.com\/index.php\/mentions-legales\/#breadcrumb\",\"itemListElement\":[{\"@type\":\"ListItem\",\"position\":1,\"name\":\"Accueil\",\"item\":\"http:\/\/lemerle-avocat.com\/\"},{\"@type\":\"ListItem\",\"position\":2,\"name\":\"Mentions l\u00e9gales\"}]},{\"@type\":\"WebSite\",\"@id\":\"http:\/\/lemerle-avocat.com\/#website\",\"url\":\"http:\/\/lemerle-avocat.com\/\",\"name\":\"ML Avocat\",\"description\":\"Marion Lemerle - Avocat\",\"publisher\":{\"@id\":\"http:\/\/lemerle-avocat.com\/#organization\"},\"potentialAction\":[{\"@type\":\"SearchAction\",\"target\":{\"@type\":\"EntryPoint\",\"urlTemplate\":\"http:\/\/lemerle-avocat.com\/?s={search_term_string}\"},\"query-input\":{\"@type\":\"PropertyValueSpecification\",\"valueRequired\":true,\"valueName\":\"search_term_string\"}}],\"inLanguage\":\"fr-FR\"},{\"@type\":\"Organization\",\"@id\":\"http:\/\/lemerle-avocat.com\/#organization\",\"name\":\"Marion Lemerle Avocat\",\"url\":\"http:\/\/lemerle-avocat.com\/\",\"logo\":{\"@type\":\"ImageObject\",\"inLanguage\":\"fr-FR\",\"@id\":\"http:\/\/lemerle-avocat.com\/#\/schema\/logo\/image\/\",\"url\":\"https:\/\/lemerle-avocat.com\/wp-content\/uploads\/2023\/12\/Logo-2-sans-encadre.png\",\"contentUrl\":\"https:\/\/lemerle-avocat.com\/wp-content\/uploads\/2023\/12\/Logo-2-sans-encadre.png\",\"width\":500,\"height\":500,\"caption\":\"Marion Lemerle Avocat\"},\"image\":{\"@id\":\"http:\/\/lemerle-avocat.com\/#\/schema\/logo\/image\/\"},\"sameAs\":[\"https:\/\/www.facebook.com\/profile.php?id=61552854742976&locale=fr_FR\",\"https:\/\/www.linkedin.com\/in\/marion-lemerle-6748466a?lipi=urnlipaged_flagship3_profile_view_base_contact_detailsunpxQeB4TxGDTzYDPRKmTQ\"]}]}<\/script>\n<!-- \/ Yoast SEO plugin. -->","yoast_head_json":{"title":"Mentions l\u00e9gales - Marion Lemerle - Avocat","robots":{"index":"index","follow":"follow","max-snippet":"max-snippet:-1","max-image-preview":"max-image-preview:large","max-video-preview":"max-video-preview:-1"},"canonical":"https:\/\/lemerle-avocat.com\/index.php\/mentions-legales\/","og_locale":"fr_FR","og_type":"article","og_title":"Mentions l\u00e9gales - Marion Lemerle - Avocat","og_description":"mentions l\u00e9gales. Editeur du site Marion LEMERLE, Avocat au Barreau de Lille le \u00ab\u202fCabinet\u202f\u00bb.\u202f\u00a0 Adresse de l\u2019\u00e9tablissement principal\u202f: Immeuble le Pearl &#8211; 1001, Avenue de la R\u00e9publique 59700 MARCQ-EN-BAROEUL\u00a0 R.C.S. LILLE 798 394 3 698 N\u00b0 TVA intercommunautaire\u202f: FR63798394698 Contact\u202f:\u00a0 Par t\u00e9l\u00e9phone : 03 76 19 25 57 Par e-mail\u202f\u00e0 l\u2019adresse suivante marion.lemerle@lemerle-avocat.com. Directeur de [&hellip;]","og_url":"https:\/\/lemerle-avocat.com\/index.php\/mentions-legales\/","og_site_name":"Marion Lemerle - Avocat","article_publisher":"https:\/\/www.facebook.com\/profile.php?id=61552854742976&locale=fr_FR","article_modified_time":"2024-05-05T16:10:03+00:00","twitter_card":"summary_large_image","twitter_misc":{"Dur\u00e9e de lecture estim\u00e9e":"4 minutes"},"schema":{"@context":"https:\/\/schema.org","@graph":[{"@type":"WebPage","@id":"https:\/\/lemerle-avocat.com\/index.php\/mentions-legales\/","url":"https:\/\/lemerle-avocat.com\/index.php\/mentions-legales\/","name":"Mentions l\u00e9gales - Marion Lemerle - Avocat","isPartOf":{"@id":"http:\/\/lemerle-avocat.com\/#website"},"datePublished":"2024-05-04T15:34:23+00:00","dateModified":"2024-05-05T16:10:03+00:00","breadcrumb":{"@id":"https:\/\/lemerle-avocat.com\/index.php\/mentions-legales\/#breadcrumb"},"inLanguage":"fr-FR","potentialAction":[{"@type":"ReadAction","target":["https:\/\/lemerle-avocat.com\/index.php\/mentions-legales\/"]}]},{"@type":"BreadcrumbList","@id":"https:\/\/lemerle-avocat.com\/index.php\/mentions-legales\/#breadcrumb","itemListElement":[{"@type":"ListItem","position":1,"name":"Accueil","item":"http:\/\/lemerle-avocat.com\/"},{"@type":"ListItem","position":2,"name":"Mentions l\u00e9gales"}]},{"@type":"WebSite","@id":"http:\/\/lemerle-avocat.com\/#website","url":"http:\/\/lemerle-avocat.com\/","name":"ML Avocat","description":"Marion Lemerle - Avocat","publisher":{"@id":"http:\/\/lemerle-avocat.com\/#organization"},"potentialAction":[{"@type":"SearchAction","target":{"@type":"EntryPoint","urlTemplate":"http:\/\/lemerle-avocat.com\/?s={search_term_string}"},"query-input":{"@type":"PropertyValueSpecification","valueRequired":true,"valueName":"search_term_string"}}],"inLanguage":"fr-FR"},{"@type":"Organization","@id":"http:\/\/lemerle-avocat.com\/#organization","name":"Marion Lemerle Avocat","url":"http:\/\/lemerle-avocat.com\/","logo":{"@type":"ImageObject","inLanguage":"fr-FR","@id":"http:\/\/lemerle-avocat.com\/#\/schema\/logo\/image\/","url":"https:\/\/lemerle-avocat.com\/wp-content\/uploads\/2023\/12\/Logo-2-sans-encadre.png","contentUrl":"https:\/\/lemerle-avocat.com\/wp-content\/uploads\/2023\/12\/Logo-2-sans-encadre.png","width":500,"height":500,"caption":"Marion Lemerle Avocat"},"image":{"@id":"http:\/\/lemerle-avocat.com\/#\/schema\/logo\/image\/"},"sameAs":["https:\/\/www.facebook.com\/profile.php?id=61552854742976&locale=fr_FR","https:\/\/www.linkedin.com\/in\/marion-lemerle-6748466a?lipi=urnlipaged_flagship3_profile_view_base_contact_detailsunpxQeB4TxGDTzYDPRKmTQ"]}]}},"_links":{"self":[{"href":"https:\/\/lemerle-avocat.com\/index.php\/wp-json\/wp\/v2\/pages\/1252","targetHints":{"allow":["GET"]}}],"collection":[{"href":"https:\/\/lemerle-avocat.com\/index.php\/wp-json\/wp\/v2\/pages"}],"about":[{"href":"https:\/\/lemerle-avocat.com\/index.php\/wp-json\/wp\/v2\/types\/page"}],"author":[{"embeddable":true,"href":"https:\/\/lemerle-avocat.com\/index.php\/wp-json\/wp\/v2\/users\/1"}],"replies":[{"embeddable":true,"href":"https:\/\/lemerle-avocat.com\/index.php\/wp-json\/wp\/v2\/comments?post=1252"}],"version-history":[{"count":18,"href":"https:\/\/lemerle-avocat.com\/index.php\/wp-json\/wp\/v2\/pages\/1252\/revisions"}],"predecessor-version":[{"id":1305,"href":"https:\/\/lemerle-avocat.com\/index.php\/wp-json\/wp\/v2\/pages\/1252\/revisions\/1305"}],"wp:attachment":[{"href":"https:\/\/lemerle-avocat.com\/index.php\/wp-json\/wp\/v2\/media?parent=1252"}],"curies":[{"name":"wp","href":"https:\/\/api.w.org\/{rel}","templated":true}]}}